{"id":2249,"date":"2025-03-18T11:41:15","date_gmt":"2025-03-18T10:41:15","guid":{"rendered":"https:\/\/24may.org\/en\/?page_id=2249"},"modified":"2025-05-09T13:50:12","modified_gmt":"2025-05-09T11:50:12","slug":"speaker-arnaud-burgin","status":"publish","type":"page","link":"https:\/\/24may.org\/en\/speaker-arnaud-burgin\/","title":{"rendered":"Speaker | Arnaud B\u00fcrgin"},"content":{"rendered":"<p>[et_pb_section fb_built=&#8221;1&#8243; disabled_on=&#8221;on|on|on&#8221; _builder_version=&#8221;4.19.2&#8243; _module_preset=&#8221;default&#8221; background_color=&#8221;#df8244&#8243; custom_padding=&#8221;1px||3px|||&#8221; saved_tabs=&#8221;all&#8221; global_colors_info=&#8221;{}&#8221;][et_pb_row _builder_version=&#8221;4.19.2&#8243; _module_preset=&#8221;default&#8221; custom_padding=&#8221;12px||9px|||&#8221; global_colors_info=&#8221;{}&#8221;][et_pb_column type=&#8221;4_4&#8243; _builder_version=&#8221;4.19.2&#8243; _module_preset=&#8221;default&#8221; global_colors_info=&#8221;{}&#8221;][\/et_pb_column][\/et_pb_row][\/et_pb_section][et_pb_section fb_built=&#8221;1&#8243; _builder_version=&#8221;4.19.2&#8243; _module_preset=&#8221;default&#8221; global_colors_info=&#8221;{}&#8221;][et_pb_row column_structure=&#8221;2_5,3_5&#8243; _builder_version=&#8221;4.20.2&#8243; _module_preset=&#8221;default&#8221; global_colors_info=&#8221;{}&#8221;][et_pb_column type=&#8221;2_5&#8243; _builder_version=&#8221;4.20.2&#8243; _module_preset=&#8221;default&#8221; global_colors_info=&#8221;{}&#8221;][et_pb_image src=&#8221;https:\/\/24may.org\/en\/wp-content\/uploads\/sites\/4\/2025\/03\/Arnaud-Burgin_Fer-Geneve.png&#8221; title_text=&#8221;Arnaud Bu\u0308rgin_Fer Geneve&#8221; align=&#8221;center&#8221; _builder_version=&#8221;4.24.0&#8243; _module_preset=&#8221;default&#8221; width=&#8221;80%&#8221; global_colors_info=&#8221;{}&#8221;][\/et_pb_image][et_pb_text _builder_version=&#8221;4.24.0&#8243; _module_preset=&#8221;default&#8221; text_font_size=&#8221;12px&#8221; header_font_size=&#8221;25px&#8221; custom_margin=&#8221;-7px||0px||false|false&#8221; global_colors_info=&#8221;{}&#8221;]<\/p>\n<p style=\"text-align: center;\"><span style=\"text-decoration: underline;\">Speaker<\/span><\/p>\n<h1 style=\"text-align: center;\"><strong>Arnaud B\u00fcrgin<\/strong><\/h1>\n<p>[\/et_pb_text][et_pb_text _builder_version=&#8221;4.24.0&#8243; _module_preset=&#8221;default&#8221; text_font_size=&#8221;12px&#8221; header_font_size=&#8221;20px&#8221; custom_margin=&#8221;||0px||false|false&#8221; custom_padding=&#8221;||0px||false|false&#8221; global_colors_info=&#8221;{}&#8221;]<\/p>\n<p style=\"text-align: center;\"><strong>13:45: Special address<\/strong><\/p>\n<p>[\/et_pb_text][\/et_pb_column][et_pb_column type=&#8221;3_5&#8243; _builder_version=&#8221;4.20.2&#8243; _module_preset=&#8221;default&#8221; global_colors_info=&#8221;{}&#8221;][et_pb_text _builder_version=&#8221;4.24.0&#8243; _module_preset=&#8221;default&#8221; text_font=&#8221;Poppins|300|||||||&#8221; text_font_size=&#8221;13px&#8221; custom_margin=&#8221;10px||||false|false&#8221; custom_padding=&#8221;0px|||||&#8221; global_colors_info=&#8221;{}&#8221;]<\/p>\n<p><span><\/span>Arnaud B\u00fcrgin is the Deputy Director General at FER Geneva (<strong><a href=\"https:\/\/www.fer-ge.ch\/\" target=\"_blank\" rel=\"noopener\">F\u00e9d\u00e9ration des Entreprises Romandes Gen\u00e8ve<\/a><\/strong>)\u00a0. He began his career there in 2013 as a lawyer in the legal assistance and advisory service, before becoming Secretary General of the Group of Multinational Enterprises, and later Director of the Professional Associations Department. In the spring of 2022, he joined the Foundation for the Attractiveness of the Canton of Geneva as General Director, where he played a key role in promoting innovation and the competitiveness of the Geneva region. Holding a master&#8217;s degree in law, a lawyer&#8217;s certificate, and an LL.M. in business law, Arnaud B\u00fcrgin has gained extensive professional experience in key sectors of the Geneva economy, such as watchmaking and banking. His professional background provides him with an excellent global and multidisciplinary perspective on the economic life of the canton.<\/p>\n<p>&nbsp;<\/p>\n<p><strong>Why is the International Day Against Harassment and for Inclusion in the Workplace so important?<\/strong><\/p>\n<p><strong><\/strong><\/p>\n<p>This day holds great significance, as the quality of a professional environment cannot be measured solely by numbers and performance indicators, but also \u2013 and perhaps above all \u2013 by how each person is valued and heard. The world of work must be a space of respect, equity, and inclusion, where everyone, regardless of their background, gender, identity, or journey, has their rightful place.<\/p>\n<p>[\/et_pb_text][et_pb_button button_url=&#8221;https:\/\/24may.org\/en\/geneva2025\/&#8221; button_text=&#8221;Back to program&#8221; button_alignment=&#8221;left&#8221; _builder_version=&#8221;4.24.0&#8243; _module_preset=&#8221;default&#8221; custom_button=&#8221;on&#8221; button_text_size=&#8221;12px&#8221; button_border_width=&#8221;3px&#8221; button_font=&#8221;|800|||||||&#8221; global_colors_info=&#8221;{}&#8221;][\/et_pb_button][\/et_pb_column][\/et_pb_row][\/et_pb_section]<\/p>\n","protected":false},"excerpt":{"rendered":"<p>Speaker Arnaud B\u00fcrgin13:45: Special addressArnaud B\u00fcrgin is the Deputy Director General at FER Geneva (F\u00e9d\u00e9ration des Entreprises Romandes Gen\u00e8ve)\u00a0. He began his career there in 2013 as a lawyer in the legal assistance and advisory service, before becoming Secretary General of the Group of Multinational Enterprises, and later Director of the Professional Associations Department. In [&hellip;]<\/p>\n","protected":false},"author":6,"featured_media":0,"parent":0,"menu_order":0,"comment_status":"closed","ping_status":"closed","template":"","meta":{"_et_pb_use_builder":"on","_et_pb_old_content":"<!-- wp:divi\/placeholder \/-->","_et_gb_content_width":"","_crdt_document":"","footnotes":""},"class_list":["post-2249","page","type-page","status-publish","hentry"],"yoast_head":"<!-- This site is optimized with the Yoast SEO plugin v27.4 - https:\/\/yoast.com\/product\/yoast-seo-wordpress\/ -->\n<title>Speaker | Arnaud B\u00fcrgin - 24 May - EN<\/title>\n<meta name=\"robots\" content=\"index, follow, max-snippet:-1, max-image-preview:large, max-video-preview:-1\" \/>\n<link rel=\"canonical\" href=\"https:\/\/24may.org\/en\/speaker-arnaud-burgin\/\" \/>\n<meta property=\"og:locale\" content=\"en_GB\" \/>\n<meta property=\"og:type\" content=\"article\" \/>\n<meta property=\"og:title\" content=\"Speaker | Arnaud B\u00fcrgin - 24 May - EN\" \/>\n<meta property=\"og:description\" content=\"Speaker Arnaud B\u00fcrgin13:45: Special addressArnaud B\u00fcrgin is the Deputy Director General at FER Geneva (F\u00e9d\u00e9ration des Entreprises Romandes Gen\u00e8ve)\u00a0. He began his career there in 2013 as a lawyer in the legal assistance and advisory service, before becoming Secretary General of the Group of Multinational Enterprises, and later Director of the Professional Associations Department. In [&hellip;]\" \/>\n<meta property=\"og:url\" content=\"https:\/\/24may.org\/en\/speaker-arnaud-burgin\/\" \/>\n<meta property=\"og:site_name\" content=\"24 May - EN\" \/>\n<meta property=\"article:modified_time\" content=\"2025-05-09T11:50:12+00:00\" \/>\n<meta name=\"twitter:card\" content=\"summary_large_image\" \/>\n<meta name=\"twitter:label1\" content=\"Estimated reading time\" \/>\n\t<meta name=\"twitter:data1\" content=\"1 minute\" \/>\n<script type=\"application\/ld+json\" class=\"yoast-schema-graph\">{\"@context\":\"https:\\\/\\\/schema.org\",\"@graph\":[{\"@type\":\"WebPage\",\"@id\":\"https:\\\/\\\/24may.org\\\/en\\\/speaker-arnaud-burgin\\\/\",\"url\":\"https:\\\/\\\/24may.org\\\/en\\\/speaker-arnaud-burgin\\\/\",\"name\":\"Speaker | Arnaud B\u00fcrgin - 24 May - EN\",\"isPartOf\":{\"@id\":\"https:\\\/\\\/24may.org\\\/en\\\/#website\"},\"datePublished\":\"2025-03-18T10:41:15+00:00\",\"dateModified\":\"2025-05-09T11:50:12+00:00\",\"breadcrumb\":{\"@id\":\"https:\\\/\\\/24may.org\\\/en\\\/speaker-arnaud-burgin\\\/#breadcrumb\"},\"inLanguage\":\"en-GB\",\"potentialAction\":[{\"@type\":\"ReadAction\",\"target\":[\"https:\\\/\\\/24may.org\\\/en\\\/speaker-arnaud-burgin\\\/\"]}]},{\"@type\":\"BreadcrumbList\",\"@id\":\"https:\\\/\\\/24may.org\\\/en\\\/speaker-arnaud-burgin\\\/#breadcrumb\",\"itemListElement\":[{\"@type\":\"ListItem\",\"position\":1,\"name\":\"Accueil\",\"item\":\"https:\\\/\\\/24may.org\\\/en\\\/\"},{\"@type\":\"ListItem\",\"position\":2,\"name\":\"Speaker | Arnaud B\u00fcrgin\"}]},{\"@type\":\"WebSite\",\"@id\":\"https:\\\/\\\/24may.org\\\/en\\\/#website\",\"url\":\"https:\\\/\\\/24may.org\\\/en\\\/\",\"name\":\"24 May - EN\",\"description\":\"\",\"potentialAction\":[{\"@type\":\"SearchAction\",\"target\":{\"@type\":\"EntryPoint\",\"urlTemplate\":\"https:\\\/\\\/24may.org\\\/en\\\/?s={search_term_string}\"},\"query-input\":{\"@type\":\"PropertyValueSpecification\",\"valueRequired\":true,\"valueName\":\"search_term_string\"}}],\"inLanguage\":\"en-GB\"}]}<\/script>\n<!-- \/ Yoast SEO plugin. -->","yoast_head_json":{"title":"Speaker | Arnaud B\u00fcrgin - 24 May - EN","robots":{"index":"index","follow":"follow","max-snippet":"max-snippet:-1","max-image-preview":"max-image-preview:large","max-video-preview":"max-video-preview:-1"},"canonical":"https:\/\/24may.org\/en\/speaker-arnaud-burgin\/","og_locale":"en_GB","og_type":"article","og_title":"Speaker | Arnaud B\u00fcrgin - 24 May - EN","og_description":"Speaker Arnaud B\u00fcrgin13:45: Special addressArnaud B\u00fcrgin is the Deputy Director General at FER Geneva (F\u00e9d\u00e9ration des Entreprises Romandes Gen\u00e8ve)\u00a0. He began his career there in 2013 as a lawyer in the legal assistance and advisory service, before becoming Secretary General of the Group of Multinational Enterprises, and later Director of the Professional Associations Department. In [&hellip;]","og_url":"https:\/\/24may.org\/en\/speaker-arnaud-burgin\/","og_site_name":"24 May - EN","article_modified_time":"2025-05-09T11:50:12+00:00","twitter_card":"summary_large_image","twitter_misc":{"Estimated reading time":"1 minute"},"schema":{"@context":"https:\/\/schema.org","@graph":[{"@type":"WebPage","@id":"https:\/\/24may.org\/en\/speaker-arnaud-burgin\/","url":"https:\/\/24may.org\/en\/speaker-arnaud-burgin\/","name":"Speaker | Arnaud B\u00fcrgin - 24 May - EN","isPartOf":{"@id":"https:\/\/24may.org\/en\/#website"},"datePublished":"2025-03-18T10:41:15+00:00","dateModified":"2025-05-09T11:50:12+00:00","breadcrumb":{"@id":"https:\/\/24may.org\/en\/speaker-arnaud-burgin\/#breadcrumb"},"inLanguage":"en-GB","potentialAction":[{"@type":"ReadAction","target":["https:\/\/24may.org\/en\/speaker-arnaud-burgin\/"]}]},{"@type":"BreadcrumbList","@id":"https:\/\/24may.org\/en\/speaker-arnaud-burgin\/#breadcrumb","itemListElement":[{"@type":"ListItem","position":1,"name":"Accueil","item":"https:\/\/24may.org\/en\/"},{"@type":"ListItem","position":2,"name":"Speaker | Arnaud B\u00fcrgin"}]},{"@type":"WebSite","@id":"https:\/\/24may.org\/en\/#website","url":"https:\/\/24may.org\/en\/","name":"24 May - EN","description":"","potentialAction":[{"@type":"SearchAction","target":{"@type":"EntryPoint","urlTemplate":"https:\/\/24may.org\/en\/?s={search_term_string}"},"query-input":{"@type":"PropertyValueSpecification","valueRequired":true,"valueName":"search_term_string"}}],"inLanguage":"en-GB"}]}},"_links":{"self":[{"href":"https:\/\/24may.org\/en\/wp-json\/wp\/v2\/pages\/2249","targetHints":{"allow":["GET"]}}],"collection":[{"href":"https:\/\/24may.org\/en\/wp-json\/wp\/v2\/pages"}],"about":[{"href":"https:\/\/24may.org\/en\/wp-json\/wp\/v2\/types\/page"}],"author":[{"embeddable":true,"href":"https:\/\/24may.org\/en\/wp-json\/wp\/v2\/users\/6"}],"replies":[{"embeddable":true,"href":"https:\/\/24may.org\/en\/wp-json\/wp\/v2\/comments?post=2249"}],"version-history":[{"count":8,"href":"https:\/\/24may.org\/en\/wp-json\/wp\/v2\/pages\/2249\/revisions"}],"predecessor-version":[{"id":2592,"href":"https:\/\/24may.org\/en\/wp-json\/wp\/v2\/pages\/2249\/revisions\/2592"}],"wp:attachment":[{"href":"https:\/\/24may.org\/en\/wp-json\/wp\/v2\/media?parent=2249"}],"curies":[{"name":"wp","href":"https:\/\/api.w.org\/{rel}","templated":true}]}}