{"id":2612,"date":"2025-05-12T12:30:12","date_gmt":"2025-05-12T10:30:12","guid":{"rendered":"https:\/\/24may.org\/en\/?page_id=2612"},"modified":"2025-05-18T12:27:42","modified_gmt":"2025-05-18T10:27:42","slug":"speaker-sebastien-eyssette","status":"publish","type":"page","link":"https:\/\/24may.org\/en\/speaker-sebastien-eyssette\/","title":{"rendered":"Speaker | S\u00e9bastien Eyssette"},"content":{"rendered":"<p>[et_pb_section fb_built=&#8221;1&#8243; disabled_on=&#8221;on|on|on&#8221; _builder_version=&#8221;4.19.2&#8243; _module_preset=&#8221;default&#8221; background_color=&#8221;#df8244&#8243; custom_padding=&#8221;1px||3px|||&#8221; saved_tabs=&#8221;all&#8221; global_colors_info=&#8221;{}&#8221;][et_pb_row _builder_version=&#8221;4.19.2&#8243; _module_preset=&#8221;default&#8221; custom_padding=&#8221;12px||9px|||&#8221; global_colors_info=&#8221;{}&#8221;][et_pb_column type=&#8221;4_4&#8243; _builder_version=&#8221;4.19.2&#8243; _module_preset=&#8221;default&#8221; global_colors_info=&#8221;{}&#8221;][\/et_pb_column][\/et_pb_row][\/et_pb_section][et_pb_section fb_built=&#8221;1&#8243; _builder_version=&#8221;4.19.2&#8243; _module_preset=&#8221;default&#8221; global_colors_info=&#8221;{}&#8221;][et_pb_row column_structure=&#8221;2_5,3_5&#8243; _builder_version=&#8221;4.20.2&#8243; _module_preset=&#8221;default&#8221; global_colors_info=&#8221;{}&#8221;][et_pb_column type=&#8221;2_5&#8243; _builder_version=&#8221;4.20.2&#8243; _module_preset=&#8221;default&#8221; global_colors_info=&#8221;{}&#8221;][et_pb_image src=&#8221;https:\/\/24may.org\/en\/wp-content\/uploads\/sites\/4\/2025\/05\/Sebastien-Eyssette-_Opera-2.png&#8221; title_text=&#8221;Sebastien Eyssette _Opera-2&#8243; align=&#8221;center&#8221; _builder_version=&#8221;4.24.0&#8243; _module_preset=&#8221;default&#8221; width=&#8221;80%&#8221; global_colors_info=&#8221;{}&#8221;][\/et_pb_image][et_pb_text _builder_version=&#8221;4.24.0&#8243; _module_preset=&#8221;default&#8221; text_font_size=&#8221;12px&#8221; header_font_size=&#8221;25px&#8221; custom_margin=&#8221;-7px||0px||false|false&#8221; global_colors_info=&#8221;{}&#8221;]<\/p>\n<h1 style=\"text-align: center;\">S\u00e9bastien Eyssette<\/h1>\n<p style=\"text-align: center;\"><span style=\"text-decoration: underline;\"><\/span><strong>17:45 | <\/strong><span style=\"color: #ed7d31;\">Artistic performance\u00a0<\/span><\/p>\n<p>[\/et_pb_text][\/et_pb_column][et_pb_column type=&#8221;3_5&#8243; _builder_version=&#8221;4.20.2&#8243; _module_preset=&#8221;default&#8221; global_colors_info=&#8221;{}&#8221;][et_pb_text _builder_version=&#8221;4.24.0&#8243; _module_preset=&#8221;default&#8221; text_font=&#8221;Poppins|300|||||||&#8221; text_font_size=&#8221;13px&#8221; custom_margin=&#8221;10px||||false|false&#8221; custom_padding=&#8221;0px|||||&#8221; hover_enabled=&#8221;0&#8243; global_colors_info=&#8221;{}&#8221; sticky_enabled=&#8221;0&#8243;]<\/p>\n<p>Multidisciplinary artist: actor, opera singer, and stage director. I earned my Theatre Studies Diploma (DET) from the Conservatory of Theatre in Avignon, then pursued lyrical singing at the Regional Conservatory of Lyon and the Haute \u00c9cole de Musique in Neuch\u00e2tel. For a decade, I worked at the Op\u00e9ra de Lausanne as both a soloist and a member of the chorus.<\/p>\n<p>In August 2017, I directed my first opera production\u2014Plat\u00e9e by Rameau\u2014in collaboration with the Jeun\u2019voix youth ensemble of Geneva. In April 2021, I co-directed Michael Nyman\u2019s opera The Man Who Mistook His Wife for a Hat.<\/p>\n<p>Alongside my artistic journey, I am also a certified Qi Gong instructor (1st Duan level) and a professional listener within a Geneva-based public-interest association.<\/p>\n<p>\ud83d\udd0e <a href=\"https:\/\/sebastieneyssette.com\/qui-suis-je\/\">https:\/\/sebastieneyssette.com<\/a><\/p>\n<p><strong>Why is the International Day Against Harassment and for Inclusion in the Workplace so important?<\/strong><\/p>\n<p data-start=\"74\" data-end=\"458\" class=\"\">I am convinced that establishing an International Day Against Harassment and for Inclusion in the Workplace has become essential. It allows us to fully grasp the extent of the suffering caused by the various forms of harassment and discrimination\u2014not only for the victims and their loved ones, but also for organizations themselves, given the human and economic consequences involved.<\/p>\n<p data-start=\"460\" data-end=\"730\" class=\"\">Behind every case of harassment are women and men in distress. After an initial phase of raising awareness and encouraging people to speak out, it is now crucial to take concrete action. The initiative of May 24 represents an opportunity to initiate this paradigm shift.<\/p>\n<p><span style=\"font-weight: 400;\"><\/span><\/p>\n<p><span style=\"font-weight: 400;\"><\/span><\/p>\n<p>[\/et_pb_text][et_pb_button button_url=&#8221;https:\/\/24may.org\/en\/geneva2025\/&#8221; button_text=&#8221;Back to program&#8221; button_alignment=&#8221;left&#8221; _builder_version=&#8221;4.24.0&#8243; _module_preset=&#8221;default&#8221; custom_button=&#8221;on&#8221; button_text_size=&#8221;12px&#8221; button_border_width=&#8221;3px&#8221; button_font=&#8221;|800|||||||&#8221; global_colors_info=&#8221;{}&#8221;][\/et_pb_button][\/et_pb_column][\/et_pb_row][\/et_pb_section]<\/p>\n","protected":false},"excerpt":{"rendered":"<p>S\u00e9bastien Eyssette 17:45 | Artistic performance\u00a0Multidisciplinary artist: actor, opera singer, and stage director. I earned my Theatre Studies Diploma (DET) from the Conservatory of Theatre in Avignon, then pursued lyrical singing at the Regional Conservatory of Lyon and the Haute \u00c9cole de Musique in Neuch\u00e2tel. For a decade, I worked at the Op\u00e9ra de Lausanne [&hellip;]<\/p>\n","protected":false},"author":6,"featured_media":0,"parent":0,"menu_order":0,"comment_status":"closed","ping_status":"closed","template":"","meta":{"_et_pb_use_builder":"on","_et_pb_old_content":"<!-- wp:divi\/placeholder \/-->","_et_gb_content_width":"","_crdt_document":"","footnotes":""},"class_list":["post-2612","page","type-page","status-publish","hentry"],"yoast_head":"<!-- This site is optimized with the Yoast SEO plugin v27.4 - https:\/\/yoast.com\/product\/yoast-seo-wordpress\/ -->\n<title>Speaker | S\u00e9bastien Eyssette - 24 May - EN<\/title>\n<meta name=\"robots\" content=\"index, follow, max-snippet:-1, max-image-preview:large, max-video-preview:-1\" \/>\n<link rel=\"canonical\" href=\"https:\/\/24may.org\/en\/speaker-sebastien-eyssette\/\" \/>\n<meta property=\"og:locale\" content=\"en_GB\" \/>\n<meta property=\"og:type\" content=\"article\" \/>\n<meta property=\"og:title\" content=\"Speaker | S\u00e9bastien Eyssette - 24 May - EN\" \/>\n<meta property=\"og:description\" content=\"S\u00e9bastien Eyssette 17:45 | Artistic performance\u00a0Multidisciplinary artist: actor, opera singer, and stage director. I earned my Theatre Studies Diploma (DET) from the Conservatory of Theatre in Avignon, then pursued lyrical singing at the Regional Conservatory of Lyon and the Haute \u00c9cole de Musique in Neuch\u00e2tel. For a decade, I worked at the Op\u00e9ra de Lausanne [&hellip;]\" \/>\n<meta property=\"og:url\" content=\"https:\/\/24may.org\/en\/speaker-sebastien-eyssette\/\" \/>\n<meta property=\"og:site_name\" content=\"24 May - EN\" \/>\n<meta property=\"article:modified_time\" content=\"2025-05-18T10:27:42+00:00\" \/>\n<meta name=\"twitter:card\" content=\"summary_large_image\" \/>\n<meta name=\"twitter:label1\" content=\"Estimated reading time\" \/>\n\t<meta name=\"twitter:data1\" content=\"2 minutes\" \/>\n<script type=\"application\/ld+json\" class=\"yoast-schema-graph\">{\"@context\":\"https:\\\/\\\/schema.org\",\"@graph\":[{\"@type\":\"WebPage\",\"@id\":\"https:\\\/\\\/24may.org\\\/en\\\/speaker-sebastien-eyssette\\\/\",\"url\":\"https:\\\/\\\/24may.org\\\/en\\\/speaker-sebastien-eyssette\\\/\",\"name\":\"Speaker | S\u00e9bastien Eyssette - 24 May - EN\",\"isPartOf\":{\"@id\":\"https:\\\/\\\/24may.org\\\/en\\\/#website\"},\"datePublished\":\"2025-05-12T10:30:12+00:00\",\"dateModified\":\"2025-05-18T10:27:42+00:00\",\"breadcrumb\":{\"@id\":\"https:\\\/\\\/24may.org\\\/en\\\/speaker-sebastien-eyssette\\\/#breadcrumb\"},\"inLanguage\":\"en-GB\",\"potentialAction\":[{\"@type\":\"ReadAction\",\"target\":[\"https:\\\/\\\/24may.org\\\/en\\\/speaker-sebastien-eyssette\\\/\"]}]},{\"@type\":\"BreadcrumbList\",\"@id\":\"https:\\\/\\\/24may.org\\\/en\\\/speaker-sebastien-eyssette\\\/#breadcrumb\",\"itemListElement\":[{\"@type\":\"ListItem\",\"position\":1,\"name\":\"Accueil\",\"item\":\"https:\\\/\\\/24may.org\\\/en\\\/\"},{\"@type\":\"ListItem\",\"position\":2,\"name\":\"Speaker | S\u00e9bastien Eyssette\"}]},{\"@type\":\"WebSite\",\"@id\":\"https:\\\/\\\/24may.org\\\/en\\\/#website\",\"url\":\"https:\\\/\\\/24may.org\\\/en\\\/\",\"name\":\"24 May - EN\",\"description\":\"\",\"potentialAction\":[{\"@type\":\"SearchAction\",\"target\":{\"@type\":\"EntryPoint\",\"urlTemplate\":\"https:\\\/\\\/24may.org\\\/en\\\/?s={search_term_string}\"},\"query-input\":{\"@type\":\"PropertyValueSpecification\",\"valueRequired\":true,\"valueName\":\"search_term_string\"}}],\"inLanguage\":\"en-GB\"}]}<\/script>\n<!-- \/ Yoast SEO plugin. -->","yoast_head_json":{"title":"Speaker | S\u00e9bastien Eyssette - 24 May - EN","robots":{"index":"index","follow":"follow","max-snippet":"max-snippet:-1","max-image-preview":"max-image-preview:large","max-video-preview":"max-video-preview:-1"},"canonical":"https:\/\/24may.org\/en\/speaker-sebastien-eyssette\/","og_locale":"en_GB","og_type":"article","og_title":"Speaker | S\u00e9bastien Eyssette - 24 May - EN","og_description":"S\u00e9bastien Eyssette 17:45 | Artistic performance\u00a0Multidisciplinary artist: actor, opera singer, and stage director. I earned my Theatre Studies Diploma (DET) from the Conservatory of Theatre in Avignon, then pursued lyrical singing at the Regional Conservatory of Lyon and the Haute \u00c9cole de Musique in Neuch\u00e2tel. For a decade, I worked at the Op\u00e9ra de Lausanne [&hellip;]","og_url":"https:\/\/24may.org\/en\/speaker-sebastien-eyssette\/","og_site_name":"24 May - EN","article_modified_time":"2025-05-18T10:27:42+00:00","twitter_card":"summary_large_image","twitter_misc":{"Estimated reading time":"2 minutes"},"schema":{"@context":"https:\/\/schema.org","@graph":[{"@type":"WebPage","@id":"https:\/\/24may.org\/en\/speaker-sebastien-eyssette\/","url":"https:\/\/24may.org\/en\/speaker-sebastien-eyssette\/","name":"Speaker | S\u00e9bastien Eyssette - 24 May - EN","isPartOf":{"@id":"https:\/\/24may.org\/en\/#website"},"datePublished":"2025-05-12T10:30:12+00:00","dateModified":"2025-05-18T10:27:42+00:00","breadcrumb":{"@id":"https:\/\/24may.org\/en\/speaker-sebastien-eyssette\/#breadcrumb"},"inLanguage":"en-GB","potentialAction":[{"@type":"ReadAction","target":["https:\/\/24may.org\/en\/speaker-sebastien-eyssette\/"]}]},{"@type":"BreadcrumbList","@id":"https:\/\/24may.org\/en\/speaker-sebastien-eyssette\/#breadcrumb","itemListElement":[{"@type":"ListItem","position":1,"name":"Accueil","item":"https:\/\/24may.org\/en\/"},{"@type":"ListItem","position":2,"name":"Speaker | S\u00e9bastien Eyssette"}]},{"@type":"WebSite","@id":"https:\/\/24may.org\/en\/#website","url":"https:\/\/24may.org\/en\/","name":"24 May - EN","description":"","potentialAction":[{"@type":"SearchAction","target":{"@type":"EntryPoint","urlTemplate":"https:\/\/24may.org\/en\/?s={search_term_string}"},"query-input":{"@type":"PropertyValueSpecification","valueRequired":true,"valueName":"search_term_string"}}],"inLanguage":"en-GB"}]}},"_links":{"self":[{"href":"https:\/\/24may.org\/en\/wp-json\/wp\/v2\/pages\/2612","targetHints":{"allow":["GET"]}}],"collection":[{"href":"https:\/\/24may.org\/en\/wp-json\/wp\/v2\/pages"}],"about":[{"href":"https:\/\/24may.org\/en\/wp-json\/wp\/v2\/types\/page"}],"author":[{"embeddable":true,"href":"https:\/\/24may.org\/en\/wp-json\/wp\/v2\/users\/6"}],"replies":[{"embeddable":true,"href":"https:\/\/24may.org\/en\/wp-json\/wp\/v2\/comments?post=2612"}],"version-history":[{"count":5,"href":"https:\/\/24may.org\/en\/wp-json\/wp\/v2\/pages\/2612\/revisions"}],"predecessor-version":[{"id":2629,"href":"https:\/\/24may.org\/en\/wp-json\/wp\/v2\/pages\/2612\/revisions\/2629"}],"wp:attachment":[{"href":"https:\/\/24may.org\/en\/wp-json\/wp\/v2\/media?parent=2612"}],"curies":[{"name":"wp","href":"https:\/\/api.w.org\/{rel}","templated":true}]}}