{"id":2685,"date":"2026-02-11T09:35:41","date_gmt":"2026-02-11T08:35:41","guid":{"rendered":"https:\/\/24may.org\/en\/?page_id=2685"},"modified":"2026-02-23T16:20:53","modified_gmt":"2026-02-23T15:20:53","slug":"speaker-susanne-welle","status":"publish","type":"page","link":"https:\/\/24may.org\/en\/speaker-susanne-welle\/","title":{"rendered":"Speaker | Susanne Welle"},"content":{"rendered":"<p>[et_pb_section fb_built=&#8221;1&#8243; disabled_on=&#8221;on|on|on&#8221; _builder_version=&#8221;4.19.2&#8243; _module_preset=&#8221;default&#8221; background_color=&#8221;#df8244&#8243; custom_padding=&#8221;1px||3px|||&#8221; saved_tabs=&#8221;all&#8221; global_colors_info=&#8221;{}&#8221;][et_pb_row _builder_version=&#8221;4.19.2&#8243; _module_preset=&#8221;default&#8221; custom_padding=&#8221;12px||9px|||&#8221; global_colors_info=&#8221;{}&#8221;][et_pb_column type=&#8221;4_4&#8243; _builder_version=&#8221;4.19.2&#8243; _module_preset=&#8221;default&#8221; global_colors_info=&#8221;{}&#8221;][\/et_pb_column][\/et_pb_row][\/et_pb_section][et_pb_section fb_built=&#8221;1&#8243; _builder_version=&#8221;4.19.2&#8243; _module_preset=&#8221;default&#8221; global_colors_info=&#8221;{}&#8221;][et_pb_row column_structure=&#8221;2_5,3_5&#8243; _builder_version=&#8221;4.20.2&#8243; _module_preset=&#8221;default&#8221; global_colors_info=&#8221;{}&#8221;][et_pb_column type=&#8221;2_5&#8243; _builder_version=&#8221;4.20.2&#8243; _module_preset=&#8221;default&#8221; global_colors_info=&#8221;{}&#8221;][et_pb_image src=&#8221;https:\/\/24may.org\/en\/wp-content\/uploads\/sites\/4\/2026\/02\/Suzanne-Welle-_EHG.png&#8221; title_text=&#8221;Suzanne Welle _EHG&#8221; align=&#8221;center&#8221; _builder_version=&#8221;4.24.0&#8243; _module_preset=&#8221;default&#8221; width=&#8221;80%&#8221; global_colors_info=&#8221;{}&#8221;][\/et_pb_image][et_pb_text _builder_version=&#8221;4.24.0&#8243; _module_preset=&#8221;default&#8221; text_font_size=&#8221;12px&#8221; header_font_size=&#8221;25px&#8221; custom_margin=&#8221;-7px||0px||false|false&#8221; global_colors_info=&#8221;{}&#8221;]<\/p>\n<h1 style=\"text-align: center;\">Susanne Welle<\/h1>\n<p style=\"text-align: center;\"><span style=\"text-decoration: underline;\">Speaker<\/span><\/p>\n<p style=\"text-align: center;\"><span style=\"text-decoration: underline;\"><\/span><strong>May 21, 2026 &#8211; 3PM CET<\/strong>\u00a0| <span style=\"color: #ed7d31;\">Women Leaders &amp; Transformations.<\/span><\/p>\n<p>[\/et_pb_text][\/et_pb_column][et_pb_column type=&#8221;3_5&#8243; _builder_version=&#8221;4.20.2&#8243; _module_preset=&#8221;default&#8221; global_colors_info=&#8221;{}&#8221;][et_pb_text _builder_version=&#8221;4.24.0&#8243; _module_preset=&#8221;default&#8221; text_font=&#8221;Poppins|300|||||||&#8221; text_font_size=&#8221;13px&#8221; custom_margin=&#8221;10px||||false|false&#8221; custom_padding=&#8221;0px|||||&#8221; global_colors_info=&#8221;{}&#8221;]<\/p>\n<p data-start=\"48\" data-end=\"571\"><strong>Susanne Welle<\/strong> is an experienced leader in hospitality management, restaurant operations, and educational governance. Since 2020, she has served as Director of the <span class=\"hover:entity-accent entity-underline inline cursor-pointer align-baseline\"><span class=\"whitespace-normal\">\u00c9cole h\u00f4teli\u00e8re de Gen\u00e8ve<\/span><\/span>, overseeing academic development, continuing education, and innovation initiatives, with a strong focus on digital transformation, corporate social responsibility (CSR), and institutional excellence. Multilingual and seasoned in international environments, she brings a global strategic vision and collaborative leadership style.<\/p>\n<p data-start=\"542\" data-end=\"937\">Holding an international master\u2019s degree in hospitality management from the University of Derby, she has accumulated over 20 years of experience in top Swiss hospitality schools, first as an educator and later in executive leadership. She has held key academic roles at Les Roches and other institutions, contributing to program development, quality assurance, and academic governance.<\/p>\n<p data-start=\"939\" data-end=\"1174\" data-is-last-node=\"\" data-is-only-node=\"\">Of Norwegian origin, she is committed to ethics, inclusion, CSR, and organizational effectiveness. Her career also encompasses public and nonprofit responsibilities, reflecting a sustained dedication to education and community service.<\/p>\n<p><strong>Why is the International Day Against Harassment and for Inclusion in the Workplace so important?<\/strong><\/p>\n<p><span style=\"font-weight: 400;\">As a Norwegian and a leader, I support this International Day because equality and respect are never guaranteed. In the face of the resurgence of dominance-driven behaviors and harassment, we must safeguard the progress achieved, ensure women have their full place in leadership, and build organizations that are ever more inclusive.<\/span><\/p>\n<p><span style=\"font-weight: 400;\"><\/span><\/p>\n<p><span style=\"font-weight: 400;\"><\/span><\/p>\n<p>[\/et_pb_text][et_pb_button button_url=&#8221;https:\/\/24may.org\/en\/geneva-2026\/&#8221; button_text=&#8221;Back to program&#8221; button_alignment=&#8221;left&#8221; _builder_version=&#8221;4.24.0&#8243; _module_preset=&#8221;default&#8221; custom_button=&#8221;on&#8221; button_text_size=&#8221;12px&#8221; button_border_width=&#8221;3px&#8221; button_font=&#8221;|800|||||||&#8221; hover_enabled=&#8221;0&#8243; global_colors_info=&#8221;{}&#8221; sticky_enabled=&#8221;0&#8243;][\/et_pb_button][\/et_pb_column][\/et_pb_row][\/et_pb_section]<\/p>\n","protected":false},"excerpt":{"rendered":"<p>Susanne Welle Speaker May 21, 2026 &#8211; 3PM CET\u00a0| Women Leaders &amp; Transformations.Susanne Welle is an experienced leader in hospitality management, restaurant operations, and educational governance. Since 2020, she has served as Director of the \u00c9cole h\u00f4teli\u00e8re de Gen\u00e8ve, overseeing academic development, continuing education, and innovation initiatives, with a strong focus on digital transformation, corporate [&hellip;]<\/p>\n","protected":false},"author":6,"featured_media":0,"parent":0,"menu_order":0,"comment_status":"closed","ping_status":"closed","template":"","meta":{"_et_pb_use_builder":"on","_et_pb_old_content":"<!-- wp:divi\/placeholder \/-->","_et_gb_content_width":"","_crdt_document":"","footnotes":""},"class_list":["post-2685","page","type-page","status-publish","hentry"],"yoast_head":"<!-- This site is optimized with the Yoast SEO plugin v27.4 - https:\/\/yoast.com\/product\/yoast-seo-wordpress\/ -->\n<title>Speaker | Susanne Welle - 24 May - EN<\/title>\n<meta name=\"robots\" content=\"index, follow, max-snippet:-1, max-image-preview:large, max-video-preview:-1\" \/>\n<link rel=\"canonical\" href=\"https:\/\/24may.org\/en\/speaker-susanne-welle\/\" \/>\n<meta property=\"og:locale\" content=\"en_GB\" \/>\n<meta property=\"og:type\" content=\"article\" \/>\n<meta property=\"og:title\" content=\"Speaker | Susanne Welle - 24 May - EN\" \/>\n<meta property=\"og:description\" content=\"Susanne Welle Speaker May 21, 2026 - 3PM CET\u00a0| Women Leaders &amp; Transformations.Susanne Welle is an experienced leader in hospitality management, restaurant operations, and educational governance. Since 2020, she has served as Director of the \u00c9cole h\u00f4teli\u00e8re de Gen\u00e8ve, overseeing academic development, continuing education, and innovation initiatives, with a strong focus on digital transformation, corporate [&hellip;]\" \/>\n<meta property=\"og:url\" content=\"https:\/\/24may.org\/en\/speaker-susanne-welle\/\" \/>\n<meta property=\"og:site_name\" content=\"24 May - EN\" \/>\n<meta property=\"article:modified_time\" content=\"2026-02-23T15:20:53+00:00\" \/>\n<meta name=\"twitter:card\" content=\"summary_large_image\" \/>\n<meta name=\"twitter:label1\" content=\"Estimated reading time\" \/>\n\t<meta name=\"twitter:data1\" content=\"3 minutes\" \/>\n<script type=\"application\/ld+json\" class=\"yoast-schema-graph\">{\"@context\":\"https:\\\/\\\/schema.org\",\"@graph\":[{\"@type\":\"WebPage\",\"@id\":\"https:\\\/\\\/24may.org\\\/en\\\/speaker-susanne-welle\\\/\",\"url\":\"https:\\\/\\\/24may.org\\\/en\\\/speaker-susanne-welle\\\/\",\"name\":\"Speaker | Susanne Welle - 24 May - EN\",\"isPartOf\":{\"@id\":\"https:\\\/\\\/24may.org\\\/en\\\/#website\"},\"datePublished\":\"2026-02-11T08:35:41+00:00\",\"dateModified\":\"2026-02-23T15:20:53+00:00\",\"breadcrumb\":{\"@id\":\"https:\\\/\\\/24may.org\\\/en\\\/speaker-susanne-welle\\\/#breadcrumb\"},\"inLanguage\":\"en-GB\",\"potentialAction\":[{\"@type\":\"ReadAction\",\"target\":[\"https:\\\/\\\/24may.org\\\/en\\\/speaker-susanne-welle\\\/\"]}]},{\"@type\":\"BreadcrumbList\",\"@id\":\"https:\\\/\\\/24may.org\\\/en\\\/speaker-susanne-welle\\\/#breadcrumb\",\"itemListElement\":[{\"@type\":\"ListItem\",\"position\":1,\"name\":\"Accueil\",\"item\":\"https:\\\/\\\/24may.org\\\/en\\\/\"},{\"@type\":\"ListItem\",\"position\":2,\"name\":\"Speaker | Susanne Welle\"}]},{\"@type\":\"WebSite\",\"@id\":\"https:\\\/\\\/24may.org\\\/en\\\/#website\",\"url\":\"https:\\\/\\\/24may.org\\\/en\\\/\",\"name\":\"24 May - EN\",\"description\":\"\",\"potentialAction\":[{\"@type\":\"SearchAction\",\"target\":{\"@type\":\"EntryPoint\",\"urlTemplate\":\"https:\\\/\\\/24may.org\\\/en\\\/?s={search_term_string}\"},\"query-input\":{\"@type\":\"PropertyValueSpecification\",\"valueRequired\":true,\"valueName\":\"search_term_string\"}}],\"inLanguage\":\"en-GB\"}]}<\/script>\n<!-- \/ Yoast SEO plugin. -->","yoast_head_json":{"title":"Speaker | Susanne Welle - 24 May - EN","robots":{"index":"index","follow":"follow","max-snippet":"max-snippet:-1","max-image-preview":"max-image-preview:large","max-video-preview":"max-video-preview:-1"},"canonical":"https:\/\/24may.org\/en\/speaker-susanne-welle\/","og_locale":"en_GB","og_type":"article","og_title":"Speaker | Susanne Welle - 24 May - EN","og_description":"Susanne Welle Speaker May 21, 2026 - 3PM CET\u00a0| Women Leaders &amp; Transformations.Susanne Welle is an experienced leader in hospitality management, restaurant operations, and educational governance. Since 2020, she has served as Director of the \u00c9cole h\u00f4teli\u00e8re de Gen\u00e8ve, overseeing academic development, continuing education, and innovation initiatives, with a strong focus on digital transformation, corporate [&hellip;]","og_url":"https:\/\/24may.org\/en\/speaker-susanne-welle\/","og_site_name":"24 May - EN","article_modified_time":"2026-02-23T15:20:53+00:00","twitter_card":"summary_large_image","twitter_misc":{"Estimated reading time":"3 minutes"},"schema":{"@context":"https:\/\/schema.org","@graph":[{"@type":"WebPage","@id":"https:\/\/24may.org\/en\/speaker-susanne-welle\/","url":"https:\/\/24may.org\/en\/speaker-susanne-welle\/","name":"Speaker | Susanne Welle - 24 May - EN","isPartOf":{"@id":"https:\/\/24may.org\/en\/#website"},"datePublished":"2026-02-11T08:35:41+00:00","dateModified":"2026-02-23T15:20:53+00:00","breadcrumb":{"@id":"https:\/\/24may.org\/en\/speaker-susanne-welle\/#breadcrumb"},"inLanguage":"en-GB","potentialAction":[{"@type":"ReadAction","target":["https:\/\/24may.org\/en\/speaker-susanne-welle\/"]}]},{"@type":"BreadcrumbList","@id":"https:\/\/24may.org\/en\/speaker-susanne-welle\/#breadcrumb","itemListElement":[{"@type":"ListItem","position":1,"name":"Accueil","item":"https:\/\/24may.org\/en\/"},{"@type":"ListItem","position":2,"name":"Speaker | Susanne Welle"}]},{"@type":"WebSite","@id":"https:\/\/24may.org\/en\/#website","url":"https:\/\/24may.org\/en\/","name":"24 May - EN","description":"","potentialAction":[{"@type":"SearchAction","target":{"@type":"EntryPoint","urlTemplate":"https:\/\/24may.org\/en\/?s={search_term_string}"},"query-input":{"@type":"PropertyValueSpecification","valueRequired":true,"valueName":"search_term_string"}}],"inLanguage":"en-GB"}]}},"_links":{"self":[{"href":"https:\/\/24may.org\/en\/wp-json\/wp\/v2\/pages\/2685","targetHints":{"allow":["GET"]}}],"collection":[{"href":"https:\/\/24may.org\/en\/wp-json\/wp\/v2\/pages"}],"about":[{"href":"https:\/\/24may.org\/en\/wp-json\/wp\/v2\/types\/page"}],"author":[{"embeddable":true,"href":"https:\/\/24may.org\/en\/wp-json\/wp\/v2\/users\/6"}],"replies":[{"embeddable":true,"href":"https:\/\/24may.org\/en\/wp-json\/wp\/v2\/comments?post=2685"}],"version-history":[{"count":9,"href":"https:\/\/24may.org\/en\/wp-json\/wp\/v2\/pages\/2685\/revisions"}],"predecessor-version":[{"id":2792,"href":"https:\/\/24may.org\/en\/wp-json\/wp\/v2\/pages\/2685\/revisions\/2792"}],"wp:attachment":[{"href":"https:\/\/24may.org\/en\/wp-json\/wp\/v2\/media?parent=2685"}],"curies":[{"name":"wp","href":"https:\/\/api.w.org\/{rel}","templated":true}]}}