{"id":2914,"date":"2026-03-09T15:08:03","date_gmt":"2026-03-09T14:08:03","guid":{"rendered":"https:\/\/24may.org\/en\/?page_id=2914"},"modified":"2026-04-13T20:15:37","modified_gmt":"2026-04-13T18:15:37","slug":"speaker-marie-jose-perec","status":"publish","type":"page","link":"https:\/\/24may.org\/en\/speaker-marie-jose-perec\/","title":{"rendered":"Speaker | Marie-Jos\u00e9 P\u00e9rec"},"content":{"rendered":"<p>[et_pb_section fb_built=&#8221;1&#8243; disabled_on=&#8221;on|on|on&#8221; _builder_version=&#8221;4.19.2&#8243; _module_preset=&#8221;default&#8221; background_color=&#8221;#df8244&#8243; custom_padding=&#8221;1px||3px|||&#8221; saved_tabs=&#8221;all&#8221; global_colors_info=&#8221;{}&#8221;][et_pb_row _builder_version=&#8221;4.19.2&#8243; _module_preset=&#8221;default&#8221; custom_padding=&#8221;12px||9px|||&#8221; global_colors_info=&#8221;{}&#8221;][et_pb_column type=&#8221;4_4&#8243; _builder_version=&#8221;4.19.2&#8243; _module_preset=&#8221;default&#8221; global_colors_info=&#8221;{}&#8221;][\/et_pb_column][\/et_pb_row][\/et_pb_section][et_pb_section fb_built=&#8221;1&#8243; _builder_version=&#8221;4.19.2&#8243; _module_preset=&#8221;default&#8221; global_colors_info=&#8221;{}&#8221;][et_pb_row column_structure=&#8221;2_5,3_5&#8243; _builder_version=&#8221;4.20.2&#8243; _module_preset=&#8221;default&#8221; global_colors_info=&#8221;{}&#8221;][et_pb_column type=&#8221;2_5&#8243; _builder_version=&#8221;4.20.2&#8243; _module_preset=&#8221;default&#8221; global_colors_info=&#8221;{}&#8221;][et_pb_image src=&#8221;https:\/\/24may.org\/en\/wp-content\/uploads\/sites\/4\/2026\/03\/Marie-Jose-Perec-24May2026.jpg&#8221; title_text=&#8221;Marie-Jose\u0301 Perec #24May2026&#8243; align=&#8221;center&#8221; _builder_version=&#8221;4.24.0&#8243; _module_preset=&#8221;default&#8221; width=&#8221;80%&#8221; hover_enabled=&#8221;0&#8243; global_colors_info=&#8221;{}&#8221; sticky_enabled=&#8221;0&#8243;][\/et_pb_image][et_pb_text _builder_version=&#8221;4.24.0&#8243; _module_preset=&#8221;default&#8221; text_font_size=&#8221;12px&#8221; header_font_size=&#8221;25px&#8221; custom_margin=&#8221;-7px||0px||false|false&#8221; global_colors_info=&#8221;{}&#8221;]<\/p>\n<h1 style=\"text-align: center;\">Mari-Jos\u00e9 P\u00e9rec<\/h1>\n<p style=\"text-align: center;\"><span style=\"text-decoration: underline;\">Speaker<\/span><\/p>\n<p style=\"text-align: center;\"><span style=\"text-decoration: underline;\"><\/span><strong>May 21, 2026 &#8211; 6:00 PM CET<\/strong> | <strong>In-depth Interview<\/strong> <br \/><span style=\"color: #ed7d31;\">Performance, Pressure and Dignity: Preserving the Human in the Face of the Demand for Excellence<\/span><\/p>\n<p>[\/et_pb_text][\/et_pb_column][et_pb_column type=&#8221;3_5&#8243; _builder_version=&#8221;4.20.2&#8243; _module_preset=&#8221;default&#8221; global_colors_info=&#8221;{}&#8221;][et_pb_text _builder_version=&#8221;4.24.0&#8243; _module_preset=&#8221;default&#8221; text_font=&#8221;Poppins|300|||||||&#8221; text_font_size=&#8221;13px&#8221; custom_margin=&#8221;10px||||false|false&#8221; custom_padding=&#8221;0px|||||&#8221; global_colors_info=&#8221;{}&#8221;]<\/p>\n<p class=\"font-claude-response-body break-words whitespace-normal leading-[1.7]\"><strong>Marie-Jos\u00e9 P\u00e9rec<\/strong> is a former French track and field athlete, three-time Olympic champion, and one of the greatest figures in world athletics. A specialist in the 200m and 400m, she won gold in the 400m at the Barcelona Olympic Games in 1992, then achieved a historic 200m\u2013400m double at the Atlanta Games in 1996. She is also a two-time World Champion in the 400m (Tokyo 1991 and Gothenburg 1995). A towering figure in French sport, she defined her era through her talent, determination, and the breadth of her achievements. In 2024, she had the honor of lighting the Olympic cauldron during the opening ceremony of the Paris Games \u2014 a powerful symbol of the passing of the torch between generations of athletes. Today, Marie-Jos\u00e9 P\u00e9rec is committed to passing on the values of sport, particularly around respect, inclusion, and equal opportunity, regularly engaging with young people, businesses, and institutions.<\/p>\n<p><strong>Why is the International Day Against Harassment and for Inclusion in the Workplace so important?<\/strong><\/p>\n<p><em>The International Day Against Harassment and for Inclusion in the Workplace is essential because it reminds us that performance and success can only be sustained in a respectful environment. Harassment weakens individuals, destroys trust, and prevents everyone from fully expressing their potential.<\/em> <em>In sport as in business, I have learned that the strength of a team rests on respect, listening, and the space given to each person. Inclusion is not just a moral value \u2014 it is also a prerequisite for allowing all talents to exist and contribute.<\/em> <em>Dedicating a day to discuss, raise awareness, and take action is a reminder that dignity at work is not optional \u2014 it is a collective responsibility.<\/em><\/p>\n<p>[\/et_pb_text][et_pb_button button_url=&#8221;https:\/\/24may.org\/en\/geneva-2026\/&#8221; button_text=&#8221;Back to program&#8221; button_alignment=&#8221;left&#8221; _builder_version=&#8221;4.24.0&#8243; _module_preset=&#8221;default&#8221; custom_button=&#8221;on&#8221; button_text_size=&#8221;12px&#8221; button_border_width=&#8221;3px&#8221; button_font=&#8221;|800|||||||&#8221; global_colors_info=&#8221;{}&#8221;][\/et_pb_button][\/et_pb_column][\/et_pb_row][\/et_pb_section]<\/p>\n","protected":false},"excerpt":{"rendered":"<p>Mari-Jos\u00e9 P\u00e9rec Speaker May 21, 2026 &#8211; 6:00 PM CET | In-depth Interview Performance, Pressure and Dignity: Preserving the Human in the Face of the Demand for ExcellenceMarie-Jos\u00e9 P\u00e9rec is a former French track and field athlete, three-time Olympic champion, and one of the greatest figures in world athletics. A specialist in the 200m and [&hellip;]<\/p>\n","protected":false},"author":6,"featured_media":0,"parent":0,"menu_order":0,"comment_status":"closed","ping_status":"closed","template":"","meta":{"_et_pb_use_builder":"on","_et_pb_old_content":"<!-- wp:divi\/placeholder \/-->","_et_gb_content_width":"","_crdt_document":"","footnotes":""},"class_list":["post-2914","page","type-page","status-publish","hentry"],"yoast_head":"<!-- This site is optimized with the Yoast SEO plugin v27.4 - https:\/\/yoast.com\/product\/yoast-seo-wordpress\/ -->\n<title>Speaker | Marie-Jos\u00e9 P\u00e9rec - 24 May - EN<\/title>\n<meta name=\"robots\" content=\"index, follow, max-snippet:-1, max-image-preview:large, max-video-preview:-1\" \/>\n<link rel=\"canonical\" href=\"https:\/\/24may.org\/en\/speaker-marie-jose-perec\/\" \/>\n<meta property=\"og:locale\" content=\"en_GB\" \/>\n<meta property=\"og:type\" content=\"article\" \/>\n<meta property=\"og:title\" content=\"Speaker | Marie-Jos\u00e9 P\u00e9rec - 24 May - EN\" \/>\n<meta property=\"og:description\" content=\"Mari-Jos\u00e9 P\u00e9rec Speaker May 21, 2026 - 6:00 PM CET | In-depth Interview Performance, Pressure and Dignity: Preserving the Human in the Face of the Demand for ExcellenceMarie-Jos\u00e9 P\u00e9rec is a former French track and field athlete, three-time Olympic champion, and one of the greatest figures in world athletics. A specialist in the 200m and [&hellip;]\" \/>\n<meta property=\"og:url\" content=\"https:\/\/24may.org\/en\/speaker-marie-jose-perec\/\" \/>\n<meta property=\"og:site_name\" content=\"24 May - EN\" \/>\n<meta property=\"article:modified_time\" content=\"2026-04-13T18:15:37+00:00\" \/>\n<meta name=\"twitter:card\" content=\"summary_large_image\" \/>\n<meta name=\"twitter:label1\" content=\"Estimated reading time\" \/>\n\t<meta name=\"twitter:data1\" content=\"3 minutes\" \/>\n<script type=\"application\/ld+json\" class=\"yoast-schema-graph\">{\"@context\":\"https:\\\/\\\/schema.org\",\"@graph\":[{\"@type\":\"WebPage\",\"@id\":\"https:\\\/\\\/24may.org\\\/en\\\/speaker-marie-jose-perec\\\/\",\"url\":\"https:\\\/\\\/24may.org\\\/en\\\/speaker-marie-jose-perec\\\/\",\"name\":\"Speaker | Marie-Jos\u00e9 P\u00e9rec - 24 May - EN\",\"isPartOf\":{\"@id\":\"https:\\\/\\\/24may.org\\\/en\\\/#website\"},\"datePublished\":\"2026-03-09T14:08:03+00:00\",\"dateModified\":\"2026-04-13T18:15:37+00:00\",\"breadcrumb\":{\"@id\":\"https:\\\/\\\/24may.org\\\/en\\\/speaker-marie-jose-perec\\\/#breadcrumb\"},\"inLanguage\":\"en-GB\",\"potentialAction\":[{\"@type\":\"ReadAction\",\"target\":[\"https:\\\/\\\/24may.org\\\/en\\\/speaker-marie-jose-perec\\\/\"]}]},{\"@type\":\"BreadcrumbList\",\"@id\":\"https:\\\/\\\/24may.org\\\/en\\\/speaker-marie-jose-perec\\\/#breadcrumb\",\"itemListElement\":[{\"@type\":\"ListItem\",\"position\":1,\"name\":\"Accueil\",\"item\":\"https:\\\/\\\/24may.org\\\/en\\\/\"},{\"@type\":\"ListItem\",\"position\":2,\"name\":\"Speaker | Marie-Jos\u00e9 P\u00e9rec\"}]},{\"@type\":\"WebSite\",\"@id\":\"https:\\\/\\\/24may.org\\\/en\\\/#website\",\"url\":\"https:\\\/\\\/24may.org\\\/en\\\/\",\"name\":\"24 May - EN\",\"description\":\"\",\"potentialAction\":[{\"@type\":\"SearchAction\",\"target\":{\"@type\":\"EntryPoint\",\"urlTemplate\":\"https:\\\/\\\/24may.org\\\/en\\\/?s={search_term_string}\"},\"query-input\":{\"@type\":\"PropertyValueSpecification\",\"valueRequired\":true,\"valueName\":\"search_term_string\"}}],\"inLanguage\":\"en-GB\"}]}<\/script>\n<!-- \/ Yoast SEO plugin. -->","yoast_head_json":{"title":"Speaker | Marie-Jos\u00e9 P\u00e9rec - 24 May - EN","robots":{"index":"index","follow":"follow","max-snippet":"max-snippet:-1","max-image-preview":"max-image-preview:large","max-video-preview":"max-video-preview:-1"},"canonical":"https:\/\/24may.org\/en\/speaker-marie-jose-perec\/","og_locale":"en_GB","og_type":"article","og_title":"Speaker | Marie-Jos\u00e9 P\u00e9rec - 24 May - EN","og_description":"Mari-Jos\u00e9 P\u00e9rec Speaker May 21, 2026 - 6:00 PM CET | In-depth Interview Performance, Pressure and Dignity: Preserving the Human in the Face of the Demand for ExcellenceMarie-Jos\u00e9 P\u00e9rec is a former French track and field athlete, three-time Olympic champion, and one of the greatest figures in world athletics. A specialist in the 200m and [&hellip;]","og_url":"https:\/\/24may.org\/en\/speaker-marie-jose-perec\/","og_site_name":"24 May - EN","article_modified_time":"2026-04-13T18:15:37+00:00","twitter_card":"summary_large_image","twitter_misc":{"Estimated reading time":"3 minutes"},"schema":{"@context":"https:\/\/schema.org","@graph":[{"@type":"WebPage","@id":"https:\/\/24may.org\/en\/speaker-marie-jose-perec\/","url":"https:\/\/24may.org\/en\/speaker-marie-jose-perec\/","name":"Speaker | Marie-Jos\u00e9 P\u00e9rec - 24 May - EN","isPartOf":{"@id":"https:\/\/24may.org\/en\/#website"},"datePublished":"2026-03-09T14:08:03+00:00","dateModified":"2026-04-13T18:15:37+00:00","breadcrumb":{"@id":"https:\/\/24may.org\/en\/speaker-marie-jose-perec\/#breadcrumb"},"inLanguage":"en-GB","potentialAction":[{"@type":"ReadAction","target":["https:\/\/24may.org\/en\/speaker-marie-jose-perec\/"]}]},{"@type":"BreadcrumbList","@id":"https:\/\/24may.org\/en\/speaker-marie-jose-perec\/#breadcrumb","itemListElement":[{"@type":"ListItem","position":1,"name":"Accueil","item":"https:\/\/24may.org\/en\/"},{"@type":"ListItem","position":2,"name":"Speaker | Marie-Jos\u00e9 P\u00e9rec"}]},{"@type":"WebSite","@id":"https:\/\/24may.org\/en\/#website","url":"https:\/\/24may.org\/en\/","name":"24 May - EN","description":"","potentialAction":[{"@type":"SearchAction","target":{"@type":"EntryPoint","urlTemplate":"https:\/\/24may.org\/en\/?s={search_term_string}"},"query-input":{"@type":"PropertyValueSpecification","valueRequired":true,"valueName":"search_term_string"}}],"inLanguage":"en-GB"}]}},"_links":{"self":[{"href":"https:\/\/24may.org\/en\/wp-json\/wp\/v2\/pages\/2914","targetHints":{"allow":["GET"]}}],"collection":[{"href":"https:\/\/24may.org\/en\/wp-json\/wp\/v2\/pages"}],"about":[{"href":"https:\/\/24may.org\/en\/wp-json\/wp\/v2\/types\/page"}],"author":[{"embeddable":true,"href":"https:\/\/24may.org\/en\/wp-json\/wp\/v2\/users\/6"}],"replies":[{"embeddable":true,"href":"https:\/\/24may.org\/en\/wp-json\/wp\/v2\/comments?post=2914"}],"version-history":[{"count":4,"href":"https:\/\/24may.org\/en\/wp-json\/wp\/v2\/pages\/2914\/revisions"}],"predecessor-version":[{"id":3084,"href":"https:\/\/24may.org\/en\/wp-json\/wp\/v2\/pages\/2914\/revisions\/3084"}],"wp:attachment":[{"href":"https:\/\/24may.org\/en\/wp-json\/wp\/v2\/media?parent=2914"}],"curies":[{"name":"wp","href":"https:\/\/api.w.org\/{rel}","templated":true}]}}