{"id":3032,"date":"2026-04-06T10:39:50","date_gmt":"2026-04-06T08:39:50","guid":{"rendered":"https:\/\/24may.org\/en\/?page_id=3032"},"modified":"2026-04-06T10:41:19","modified_gmt":"2026-04-06T08:41:19","slug":"speaker-constance-du-reau-de-la-gaignonniere","status":"publish","type":"page","link":"https:\/\/24may.org\/en\/speaker-constance-du-reau-de-la-gaignonniere\/","title":{"rendered":"Speaker | Constance du R\u00e9au de La Gaignonni\u00e8re"},"content":{"rendered":"\n[et_pb_section fb_built=&#8221;1&#8243; disabled_on=&#8221;on|on|on&#8221; _builder_version=&#8221;4.19.2&#8243; _module_preset=&#8221;default&#8221; background_color=&#8221;#df8244&#8243; custom_padding=&#8221;1px||3px|||&#8221; saved_tabs=&#8221;all&#8221; global_colors_info=&#8221;{}&#8221;][et_pb_row _builder_version=&#8221;4.19.2&#8243; _module_preset=&#8221;default&#8221; custom_padding=&#8221;12px||9px|||&#8221; global_colors_info=&#8221;{}&#8221;][et_pb_column type=&#8221;4_4&#8243; _builder_version=&#8221;4.19.2&#8243; _module_preset=&#8221;default&#8221; global_colors_info=&#8221;{}&#8221;][\/et_pb_column][\/et_pb_row][\/et_pb_section][et_pb_section fb_built=&#8221;1&#8243; _builder_version=&#8221;4.19.2&#8243; _module_preset=&#8221;default&#8221; global_colors_info=&#8221;{}&#8221;][et_pb_row column_structure=&#8221;2_5,3_5&#8243; _builder_version=&#8221;4.20.2&#8243; _module_preset=&#8221;default&#8221; global_colors_info=&#8221;{}&#8221;][et_pb_column type=&#8221;2_5&#8243; _builder_version=&#8221;4.20.2&#8243; _module_preset=&#8221;default&#8221; global_colors_info=&#8221;{}&#8221;][et_pb_image src=&#8221;https:\/\/24may.org\/en\/wp-content\/uploads\/sites\/4\/2026\/02\/Constance-du-Reau-de-La-Gaignonniere_Rotaract-District-1990-Suisse.jpg&#8221; title_text=&#8221;Constance du Re\u0301au de La Gaignonnie\u0300re_Rotaract District 1990 Suisse&#8221; align=&#8221;center&#8221; _builder_version=&#8221;4.24.0&#8243; _module_preset=&#8221;default&#8221; width=&#8221;80%&#8221; hover_enabled=&#8221;0&#8243; global_colors_info=&#8221;{}&#8221; sticky_enabled=&#8221;0&#8243;][\/et_pb_image][et_pb_text _builder_version=&#8221;4.24.0&#8243; _module_preset=&#8221;default&#8221; text_font_size=&#8221;12px&#8221; header_font_size=&#8221;25px&#8221; custom_margin=&#8221;-7px||0px||false|false&#8221; hover_enabled=&#8221;0&#8243; global_colors_info=&#8221;{}&#8221; sticky_enabled=&#8221;0&#8243;]<h1 style=\"text-align: center;\">Constance du R\u00e9au de La Gaignonni\u00e8re<\/h1>\n<p style=\"text-align: center;\"><span style=\"text-decoration: underline;\">Speaker<\/span><\/p>\n<p style=\"text-align: center;\"><span style=\"text-decoration: underline;\"><\/span><strong>May 21, 2026 &#8211; 2 PM CET | Welcome &amp; introduction<\/strong><br \/><span style=\"color: #ed7d31;\">The 2026 Edition in Focus: Challenges, Commitments and Legacy<br \/>.<\/span><\/p>[\/et_pb_text][\/et_pb_column][et_pb_column type=&#8221;3_5&#8243; _builder_version=&#8221;4.20.2&#8243; _module_preset=&#8221;default&#8221; global_colors_info=&#8221;{}&#8221;][et_pb_text _builder_version=&#8221;4.24.0&#8243; _module_preset=&#8221;default&#8221; text_font=&#8221;Poppins|300|||||||&#8221; text_font_size=&#8221;13px&#8221; custom_margin=&#8221;10px||||false|false&#8221; custom_padding=&#8221;0px|||||&#8221; hover_enabled=&#8221;0&#8243; global_colors_info=&#8221;{}&#8221; sticky_enabled=&#8221;0&#8243;]<p data-start=\"96\" data-end=\"346\"><strong>Constance du R\u00e9au de La Gaignonni\u00e8re <\/strong>has been Category Manager at Transgourmet since 2023. A graduate of the \u00c9cole H\u00f4teli\u00e8re de Lausanne, she completed an internship as Customer Relationship Officer at the Tamassa Hotel in Mauritius as part of her training. This experience allowed her to develop a strong sensitivity to the quality of human relationships and to managing multicultural environments.<\/p>\n<p class=\"font-claude-response-body break-words whitespace-normal leading-[1.7]\">Her commitment also reflects an openness to the world from an early age, notably through a year-long exchange program in Australia with the Rotary Club of Fribourg, which deepened her understanding of issues related to inclusion and diversity.<\/p>\n<p class=\"font-claude-response-body break-words whitespace-normal leading-[1.7]\">An active member of Rotaract since 2015 and a founding member of the Fribourg\/Freiburg club, she had the opportunity to serve as its president during the 2021\u20132022 and 2022\u20132023 terms. Today, she is involved at the District 1990 level as a representative, with a commitment to promoting responsible leadership grounded in respect, active listening, and collaboration.<\/p>\n<p class=\"font-claude-response-body break-words whitespace-normal leading-[1.7]\">Through these experiences, she has come to believe that the quality of human relationships is essential to building healthy, inclusive, and respectful work environments where everyone can find their place and truly thrive.<\/p>\n<p class=\"font-claude-response-body break-words whitespace-normal leading-[1.7]\"><strong>Why is the International Day Against Harassment and for Inclusion in the Workplace so important?<\/strong><\/p>\n<p class=\"font-claude-response-body break-words whitespace-normal leading-[1.7]\"><em>What makes the workplace fairer is, above all, people who are able to see one another as equals, beyond their differences \u2014 because those differences enrich us and help us grow together.<\/em><\/p>\n<p class=\"font-claude-response-body break-words whitespace-normal leading-[1.7]\"><em>Refusing harassment in all its forms means choosing a healthier environment, and it starts with small gestures, every day.<\/em><\/p>\n<p class=\"font-claude-response-body break-words whitespace-normal leading-[1.7]\"><span style=\"font-weight: 400;\"><\/span><\/p>\n<p><span style=\"font-weight: 400;\"><\/span><\/p>[\/et_pb_text][et_pb_button button_url=&#8221;https:\/\/24may.org\/en\/geneva-2026\/&#8221; button_text=&#8221;Back to program&#8221; button_alignment=&#8221;left&#8221; _builder_version=&#8221;4.24.0&#8243; _module_preset=&#8221;default&#8221; custom_button=&#8221;on&#8221; button_text_size=&#8221;12px&#8221; button_border_width=&#8221;3px&#8221; button_font=&#8221;|800|||||||&#8221; global_colors_info=&#8221;{}&#8221;][\/et_pb_button][\/et_pb_column][\/et_pb_row][\/et_pb_section]\n","protected":false},"excerpt":{"rendered":"<p>Constance du R\u00e9au de La Gaignonni\u00e8re Speaker May 21, 2026 &#8211; 2 PM CET | Welcome &amp; introductionThe 2026 Edition in Focus: Challenges, Commitments and Legacy.Constance du R\u00e9au de La Gaignonni\u00e8re has been Category Manager at Transgourmet since 2023. A graduate of the \u00c9cole H\u00f4teli\u00e8re de Lausanne, she completed an internship as Customer Relationship Officer [&hellip;]<\/p>\n","protected":false},"author":6,"featured_media":0,"parent":0,"menu_order":0,"comment_status":"closed","ping_status":"closed","template":"","meta":{"_et_pb_use_builder":"on","_et_pb_old_content":"<!-- wp:divi\/placeholder \/-->","_et_gb_content_width":"","_crdt_document":"","footnotes":""},"class_list":["post-3032","page","type-page","status-publish","hentry"],"yoast_head":"<!-- This site is optimized with the Yoast SEO plugin v27.4 - https:\/\/yoast.com\/product\/yoast-seo-wordpress\/ -->\n<title>Speaker | Constance du R\u00e9au de La Gaignonni\u00e8re - 24 May - EN<\/title>\n<meta name=\"robots\" content=\"index, follow, max-snippet:-1, max-image-preview:large, max-video-preview:-1\" \/>\n<link rel=\"canonical\" href=\"https:\/\/24may.org\/en\/speaker-constance-du-reau-de-la-gaignonniere\/\" \/>\n<meta property=\"og:locale\" content=\"en_GB\" \/>\n<meta property=\"og:type\" content=\"article\" \/>\n<meta property=\"og:title\" content=\"Speaker | Constance du R\u00e9au de La Gaignonni\u00e8re - 24 May - EN\" \/>\n<meta property=\"og:description\" content=\"Constance du R\u00e9au de La Gaignonni\u00e8re Speaker May 21, 2026 - 2 PM CET | Welcome &amp; introductionThe 2026 Edition in Focus: Challenges, Commitments and Legacy.Constance du R\u00e9au de La Gaignonni\u00e8re has been Category Manager at Transgourmet since 2023. A graduate of the \u00c9cole H\u00f4teli\u00e8re de Lausanne, she completed an internship as Customer Relationship Officer [&hellip;]\" \/>\n<meta property=\"og:url\" content=\"https:\/\/24may.org\/en\/speaker-constance-du-reau-de-la-gaignonniere\/\" \/>\n<meta property=\"og:site_name\" content=\"24 May - EN\" \/>\n<meta property=\"article:modified_time\" content=\"2026-04-06T08:41:19+00:00\" \/>\n<meta name=\"twitter:card\" content=\"summary_large_image\" \/>\n<meta name=\"twitter:label1\" content=\"Estimated reading time\" \/>\n\t<meta name=\"twitter:data1\" content=\"2 minutes\" \/>\n<script type=\"application\/ld+json\" class=\"yoast-schema-graph\">{\"@context\":\"https:\\\/\\\/schema.org\",\"@graph\":[{\"@type\":\"WebPage\",\"@id\":\"https:\\\/\\\/24may.org\\\/en\\\/speaker-constance-du-reau-de-la-gaignonniere\\\/\",\"url\":\"https:\\\/\\\/24may.org\\\/en\\\/speaker-constance-du-reau-de-la-gaignonniere\\\/\",\"name\":\"Speaker | Constance du R\u00e9au de La Gaignonni\u00e8re - 24 May - EN\",\"isPartOf\":{\"@id\":\"https:\\\/\\\/24may.org\\\/en\\\/#website\"},\"datePublished\":\"2026-04-06T08:39:50+00:00\",\"dateModified\":\"2026-04-06T08:41:19+00:00\",\"breadcrumb\":{\"@id\":\"https:\\\/\\\/24may.org\\\/en\\\/speaker-constance-du-reau-de-la-gaignonniere\\\/#breadcrumb\"},\"inLanguage\":\"en-GB\",\"potentialAction\":[{\"@type\":\"ReadAction\",\"target\":[\"https:\\\/\\\/24may.org\\\/en\\\/speaker-constance-du-reau-de-la-gaignonniere\\\/\"]}]},{\"@type\":\"BreadcrumbList\",\"@id\":\"https:\\\/\\\/24may.org\\\/en\\\/speaker-constance-du-reau-de-la-gaignonniere\\\/#breadcrumb\",\"itemListElement\":[{\"@type\":\"ListItem\",\"position\":1,\"name\":\"Accueil\",\"item\":\"https:\\\/\\\/24may.org\\\/en\\\/\"},{\"@type\":\"ListItem\",\"position\":2,\"name\":\"Speaker | Constance du R\u00e9au de La Gaignonni\u00e8re\"}]},{\"@type\":\"WebSite\",\"@id\":\"https:\\\/\\\/24may.org\\\/en\\\/#website\",\"url\":\"https:\\\/\\\/24may.org\\\/en\\\/\",\"name\":\"24 May - EN\",\"description\":\"\",\"potentialAction\":[{\"@type\":\"SearchAction\",\"target\":{\"@type\":\"EntryPoint\",\"urlTemplate\":\"https:\\\/\\\/24may.org\\\/en\\\/?s={search_term_string}\"},\"query-input\":{\"@type\":\"PropertyValueSpecification\",\"valueRequired\":true,\"valueName\":\"search_term_string\"}}],\"inLanguage\":\"en-GB\"}]}<\/script>\n<!-- \/ Yoast SEO plugin. -->","yoast_head_json":{"title":"Speaker | Constance du R\u00e9au de La Gaignonni\u00e8re - 24 May - EN","robots":{"index":"index","follow":"follow","max-snippet":"max-snippet:-1","max-image-preview":"max-image-preview:large","max-video-preview":"max-video-preview:-1"},"canonical":"https:\/\/24may.org\/en\/speaker-constance-du-reau-de-la-gaignonniere\/","og_locale":"en_GB","og_type":"article","og_title":"Speaker | Constance du R\u00e9au de La Gaignonni\u00e8re - 24 May - EN","og_description":"Constance du R\u00e9au de La Gaignonni\u00e8re Speaker May 21, 2026 - 2 PM CET | Welcome &amp; introductionThe 2026 Edition in Focus: Challenges, Commitments and Legacy.Constance du R\u00e9au de La Gaignonni\u00e8re has been Category Manager at Transgourmet since 2023. A graduate of the \u00c9cole H\u00f4teli\u00e8re de Lausanne, she completed an internship as Customer Relationship Officer [&hellip;]","og_url":"https:\/\/24may.org\/en\/speaker-constance-du-reau-de-la-gaignonniere\/","og_site_name":"24 May - EN","article_modified_time":"2026-04-06T08:41:19+00:00","twitter_card":"summary_large_image","twitter_misc":{"Estimated reading time":"2 minutes"},"schema":{"@context":"https:\/\/schema.org","@graph":[{"@type":"WebPage","@id":"https:\/\/24may.org\/en\/speaker-constance-du-reau-de-la-gaignonniere\/","url":"https:\/\/24may.org\/en\/speaker-constance-du-reau-de-la-gaignonniere\/","name":"Speaker | Constance du R\u00e9au de La Gaignonni\u00e8re - 24 May - EN","isPartOf":{"@id":"https:\/\/24may.org\/en\/#website"},"datePublished":"2026-04-06T08:39:50+00:00","dateModified":"2026-04-06T08:41:19+00:00","breadcrumb":{"@id":"https:\/\/24may.org\/en\/speaker-constance-du-reau-de-la-gaignonniere\/#breadcrumb"},"inLanguage":"en-GB","potentialAction":[{"@type":"ReadAction","target":["https:\/\/24may.org\/en\/speaker-constance-du-reau-de-la-gaignonniere\/"]}]},{"@type":"BreadcrumbList","@id":"https:\/\/24may.org\/en\/speaker-constance-du-reau-de-la-gaignonniere\/#breadcrumb","itemListElement":[{"@type":"ListItem","position":1,"name":"Accueil","item":"https:\/\/24may.org\/en\/"},{"@type":"ListItem","position":2,"name":"Speaker | Constance du R\u00e9au de La Gaignonni\u00e8re"}]},{"@type":"WebSite","@id":"https:\/\/24may.org\/en\/#website","url":"https:\/\/24may.org\/en\/","name":"24 May - EN","description":"","potentialAction":[{"@type":"SearchAction","target":{"@type":"EntryPoint","urlTemplate":"https:\/\/24may.org\/en\/?s={search_term_string}"},"query-input":{"@type":"PropertyValueSpecification","valueRequired":true,"valueName":"search_term_string"}}],"inLanguage":"en-GB"}]}},"_links":{"self":[{"href":"https:\/\/24may.org\/en\/wp-json\/wp\/v2\/pages\/3032","targetHints":{"allow":["GET"]}}],"collection":[{"href":"https:\/\/24may.org\/en\/wp-json\/wp\/v2\/pages"}],"about":[{"href":"https:\/\/24may.org\/en\/wp-json\/wp\/v2\/types\/page"}],"author":[{"embeddable":true,"href":"https:\/\/24may.org\/en\/wp-json\/wp\/v2\/users\/6"}],"replies":[{"embeddable":true,"href":"https:\/\/24may.org\/en\/wp-json\/wp\/v2\/comments?post=3032"}],"version-history":[{"count":3,"href":"https:\/\/24may.org\/en\/wp-json\/wp\/v2\/pages\/3032\/revisions"}],"predecessor-version":[{"id":3036,"href":"https:\/\/24may.org\/en\/wp-json\/wp\/v2\/pages\/3032\/revisions\/3036"}],"wp:attachment":[{"href":"https:\/\/24may.org\/en\/wp-json\/wp\/v2\/media?parent=3032"}],"curies":[{"name":"wp","href":"https:\/\/api.w.org\/{rel}","templated":true}]}}