{"id":892,"date":"2023-04-03T08:19:31","date_gmt":"2023-04-03T06:19:31","guid":{"rendered":"https:\/\/24may.org\/?page_id=892"},"modified":"2023-04-03T08:19:31","modified_gmt":"2023-04-03T06:19:31","slug":"speaker-joelle-de-sepibus","status":"publish","type":"page","link":"https:\/\/24may.org\/en\/speaker-joelle-de-sepibus\/","title":{"rendered":"Speaker | Jo\u00eblle de S\u00e9pibus"},"content":{"rendered":"<p>[et_pb_section fb_built=&#8221;1&#8243; disabled_on=&#8221;on|on|on&#8221; _builder_version=&#8221;4.19.2&#8243; _module_preset=&#8221;default&#8221; background_color=&#8221;#df8244&#8243; custom_padding=&#8221;1px||3px|||&#8221; global_module=&#8221;456&#8243; saved_tabs=&#8221;all&#8221; global_colors_info=&#8221;{}&#8221;][et_pb_row _builder_version=&#8221;4.19.2&#8243; _module_preset=&#8221;default&#8221; custom_padding=&#8221;12px||9px|||&#8221; global_colors_info=&#8221;{}&#8221;][et_pb_column type=&#8221;4_4&#8243; _builder_version=&#8221;4.19.2&#8243; _module_preset=&#8221;default&#8221; global_colors_info=&#8221;{}&#8221;][\/et_pb_column][\/et_pb_row][\/et_pb_section][et_pb_section fb_built=&#8221;1&#8243; _builder_version=&#8221;4.19.2&#8243; _module_preset=&#8221;default&#8221; global_colors_info=&#8221;{}&#8221;][et_pb_row column_structure=&#8221;2_5,3_5&#8243; _builder_version=&#8221;4.20.2&#8243; _module_preset=&#8221;default&#8221; global_colors_info=&#8221;{}&#8221;][et_pb_column type=&#8221;2_5&#8243; _builder_version=&#8221;4.20.2&#8243; _module_preset=&#8221;default&#8221; global_colors_info=&#8221;{}&#8221;][et_pb_image src=&#8221;https:\/\/24may.org\/en\/wp-content\/uploads\/sites\/4\/2023\/04\/00_Joelle-de-Sepibus-24may.jpg&#8221; title_text=&#8221;00_Jo\u00eblle-de-S\u00e9pibus-24may&#8221; align=&#8221;center&#8221; _builder_version=&#8221;4.20.2&#8243; _module_preset=&#8221;default&#8221; width=&#8221;80%&#8221; global_colors_info=&#8221;{}&#8221;][\/et_pb_image][\/et_pb_column][et_pb_column type=&#8221;3_5&#8243; _builder_version=&#8221;4.20.2&#8243; _module_preset=&#8221;default&#8221; global_colors_info=&#8221;{}&#8221;][et_pb_text _builder_version=&#8221;4.20.2&#8243; _module_preset=&#8221;default&#8221; text_font_size=&#8221;12px&#8221; header_font_size=&#8221;25px&#8221; custom_margin=&#8221;0px||0px||false|false&#8221; global_colors_info=&#8221;{}&#8221;]<\/p>\n<p style=\"text-align: left\"><span style=\"text-decoration: underline\">Webconference<\/span><\/p>\n<h1 style=\"text-align: left\"><strong>Jo\u00eblle de S\u00e9pibus<\/strong><\/h1>\n<p>[\/et_pb_text][et_pb_text _builder_version=&#8221;4.20.2&#8243; _module_preset=&#8221;default&#8221; text_font_size=&#8221;12px&#8221; header_font_size=&#8221;20px&#8221; custom_margin=&#8221;||0px||false|false&#8221; custom_padding=&#8221;||0px||false|false&#8221; hover_enabled=&#8221;0&#8243; global_colors_info=&#8221;{}&#8221; sticky_enabled=&#8221;0&#8243;]<\/p>\n<p style=\"text-align: left\"><strong>11:00 &#8211; 12:00<\/strong>| Performance &amp; Institutions<strong><\/strong><strong>\u00a0<\/strong><\/p>\n<p>[\/et_pb_text][et_pb_text _builder_version=&#8221;4.20.2&#8243; _module_preset=&#8221;default&#8221; text_font=&#8221;Poppins|300|||||||&#8221; text_font_size=&#8221;13px&#8221; custom_margin=&#8221;10px||||false|false&#8221; global_colors_info=&#8221;{}&#8221;]<\/p>\n<ul>\n<li>Attorney-at-law \u2013 practice in two leading Swiss law firms (Geneva, Zurich) and at the Supreme Court of Switzerland<\/li>\n<li>Former Professor of European and international public law at the Universities of Fribourg and Bern\u00a0<\/li>\n<li>Scientific publications focusing on climate change, carbon markets (EU ETS, CDM), electric power industry (smart grids), environmental State Aid (EU, WTO) as well as Swiss-EU relations<\/li>\n<li>Participation in the international climate negotiations (UNFCCC) within the EU Council Presidency delegation (Tianjin, Cancun) and as academic advisor (Copenhagen, Bonn, Doha)<\/li>\n<li>Broad experience as conference speaker<\/li>\n<li>Present interest in sustainable finance<\/li>\n<li>Education and Awards:\u00a0 Privat-docent PD (Habilitation to lecture) in European and International Public Law, PhD and Master of Law at the University of Bern, LL.M (College of Europe), Attorney-at-law, Awards for the best MLaw and the best-in-class high school diploma (Coll\u00e8ge de la Planta, Sion)<\/li>\n<\/ul>\n<p>[\/et_pb_text][et_pb_button button_url=&#8221;https:\/\/24may.org\/en\/evenement\/&#8221; button_text=&#8221;Back to program&#8221; button_alignment=&#8221;left&#8221; _builder_version=&#8221;4.20.2&#8243; _module_preset=&#8221;default&#8221; custom_button=&#8221;on&#8221; button_text_size=&#8221;12px&#8221; button_border_width=&#8221;3px&#8221; button_font=&#8221;|800|||||||&#8221; hover_enabled=&#8221;0&#8243; global_colors_info=&#8221;{}&#8221; sticky_enabled=&#8221;0&#8243;][\/et_pb_button][\/et_pb_column][\/et_pb_row][\/et_pb_section]<\/p>\n","protected":false},"excerpt":{"rendered":"<p>Webconference Jo\u00eblle de S\u00e9pibus11:00 &#8211; 12:00| Performance &amp; Institutions\u00a0 Attorney-at-law \u2013 practice in two leading Swiss law firms (Geneva, Zurich) and at the Supreme Court of Switzerland Former Professor of European and international public law at the Universities of Fribourg and Bern\u00a0 Scientific publications focusing on climate change, carbon markets (EU ETS, CDM), electric power [&hellip;]<\/p>\n","protected":false},"author":2,"featured_media":0,"parent":0,"menu_order":0,"comment_status":"closed","ping_status":"closed","template":"","meta":{"_et_pb_use_builder":"on","_et_pb_old_content":"<!-- wp:divi\/placeholder \/-->","_et_gb_content_width":"","_crdt_document":"","footnotes":""},"class_list":["post-892","page","type-page","status-publish","hentry"],"yoast_head":"<!-- This site is optimized with the Yoast SEO plugin v27.4 - https:\/\/yoast.com\/product\/yoast-seo-wordpress\/ -->\n<title>Speaker | Jo\u00eblle de S\u00e9pibus - 24 May - EN<\/title>\n<meta name=\"robots\" content=\"index, follow, max-snippet:-1, max-image-preview:large, max-video-preview:-1\" \/>\n<link rel=\"canonical\" href=\"https:\/\/24may.org\/en\/speaker-joelle-de-sepibus\/\" \/>\n<meta property=\"og:locale\" content=\"en_GB\" \/>\n<meta property=\"og:type\" content=\"article\" \/>\n<meta property=\"og:title\" content=\"Speaker | Jo\u00eblle de S\u00e9pibus - 24 May - EN\" \/>\n<meta property=\"og:description\" content=\"Webconference Jo\u00eblle de S\u00e9pibus11:00 - 12:00| Performance &amp; Institutions\u00a0 Attorney-at-law \u2013 practice in two leading Swiss law firms (Geneva, Zurich) and at the Supreme Court of Switzerland Former Professor of European and international public law at the Universities of Fribourg and Bern\u00a0 Scientific publications focusing on climate change, carbon markets (EU ETS, CDM), electric power [&hellip;]\" \/>\n<meta property=\"og:url\" content=\"https:\/\/24may.org\/en\/speaker-joelle-de-sepibus\/\" \/>\n<meta property=\"og:site_name\" content=\"24 May - EN\" \/>\n<meta name=\"twitter:card\" content=\"summary_large_image\" \/>\n<meta name=\"twitter:label1\" content=\"Estimated reading time\" \/>\n\t<meta name=\"twitter:data1\" content=\"2 minutes\" \/>\n<script type=\"application\/ld+json\" class=\"yoast-schema-graph\">{\"@context\":\"https:\\\/\\\/schema.org\",\"@graph\":[{\"@type\":\"WebPage\",\"@id\":\"https:\\\/\\\/24may.org\\\/en\\\/speaker-joelle-de-sepibus\\\/\",\"url\":\"https:\\\/\\\/24may.org\\\/en\\\/speaker-joelle-de-sepibus\\\/\",\"name\":\"Speaker | Jo\u00eblle de S\u00e9pibus - 24 May - EN\",\"isPartOf\":{\"@id\":\"https:\\\/\\\/24may.org\\\/en\\\/#website\"},\"datePublished\":\"2023-04-03T06:19:31+00:00\",\"breadcrumb\":{\"@id\":\"https:\\\/\\\/24may.org\\\/en\\\/speaker-joelle-de-sepibus\\\/#breadcrumb\"},\"inLanguage\":\"en-GB\",\"potentialAction\":[{\"@type\":\"ReadAction\",\"target\":[\"https:\\\/\\\/24may.org\\\/en\\\/speaker-joelle-de-sepibus\\\/\"]}]},{\"@type\":\"BreadcrumbList\",\"@id\":\"https:\\\/\\\/24may.org\\\/en\\\/speaker-joelle-de-sepibus\\\/#breadcrumb\",\"itemListElement\":[{\"@type\":\"ListItem\",\"position\":1,\"name\":\"Accueil\",\"item\":\"https:\\\/\\\/24may.org\\\/en\\\/\"},{\"@type\":\"ListItem\",\"position\":2,\"name\":\"Speaker | Jo\u00eblle de S\u00e9pibus\"}]},{\"@type\":\"WebSite\",\"@id\":\"https:\\\/\\\/24may.org\\\/en\\\/#website\",\"url\":\"https:\\\/\\\/24may.org\\\/en\\\/\",\"name\":\"24 May - EN\",\"description\":\"\",\"potentialAction\":[{\"@type\":\"SearchAction\",\"target\":{\"@type\":\"EntryPoint\",\"urlTemplate\":\"https:\\\/\\\/24may.org\\\/en\\\/?s={search_term_string}\"},\"query-input\":{\"@type\":\"PropertyValueSpecification\",\"valueRequired\":true,\"valueName\":\"search_term_string\"}}],\"inLanguage\":\"en-GB\"}]}<\/script>\n<!-- \/ Yoast SEO plugin. -->","yoast_head_json":{"title":"Speaker | Jo\u00eblle de S\u00e9pibus - 24 May - EN","robots":{"index":"index","follow":"follow","max-snippet":"max-snippet:-1","max-image-preview":"max-image-preview:large","max-video-preview":"max-video-preview:-1"},"canonical":"https:\/\/24may.org\/en\/speaker-joelle-de-sepibus\/","og_locale":"en_GB","og_type":"article","og_title":"Speaker | Jo\u00eblle de S\u00e9pibus - 24 May - EN","og_description":"Webconference Jo\u00eblle de S\u00e9pibus11:00 - 12:00| Performance &amp; Institutions\u00a0 Attorney-at-law \u2013 practice in two leading Swiss law firms (Geneva, Zurich) and at the Supreme Court of Switzerland Former Professor of European and international public law at the Universities of Fribourg and Bern\u00a0 Scientific publications focusing on climate change, carbon markets (EU ETS, CDM), electric power [&hellip;]","og_url":"https:\/\/24may.org\/en\/speaker-joelle-de-sepibus\/","og_site_name":"24 May - EN","twitter_card":"summary_large_image","twitter_misc":{"Estimated reading time":"2 minutes"},"schema":{"@context":"https:\/\/schema.org","@graph":[{"@type":"WebPage","@id":"https:\/\/24may.org\/en\/speaker-joelle-de-sepibus\/","url":"https:\/\/24may.org\/en\/speaker-joelle-de-sepibus\/","name":"Speaker | Jo\u00eblle de S\u00e9pibus - 24 May - EN","isPartOf":{"@id":"https:\/\/24may.org\/en\/#website"},"datePublished":"2023-04-03T06:19:31+00:00","breadcrumb":{"@id":"https:\/\/24may.org\/en\/speaker-joelle-de-sepibus\/#breadcrumb"},"inLanguage":"en-GB","potentialAction":[{"@type":"ReadAction","target":["https:\/\/24may.org\/en\/speaker-joelle-de-sepibus\/"]}]},{"@type":"BreadcrumbList","@id":"https:\/\/24may.org\/en\/speaker-joelle-de-sepibus\/#breadcrumb","itemListElement":[{"@type":"ListItem","position":1,"name":"Accueil","item":"https:\/\/24may.org\/en\/"},{"@type":"ListItem","position":2,"name":"Speaker | Jo\u00eblle de S\u00e9pibus"}]},{"@type":"WebSite","@id":"https:\/\/24may.org\/en\/#website","url":"https:\/\/24may.org\/en\/","name":"24 May - EN","description":"","potentialAction":[{"@type":"SearchAction","target":{"@type":"EntryPoint","urlTemplate":"https:\/\/24may.org\/en\/?s={search_term_string}"},"query-input":{"@type":"PropertyValueSpecification","valueRequired":true,"valueName":"search_term_string"}}],"inLanguage":"en-GB"}]}},"_links":{"self":[{"href":"https:\/\/24may.org\/en\/wp-json\/wp\/v2\/pages\/892","targetHints":{"allow":["GET"]}}],"collection":[{"href":"https:\/\/24may.org\/en\/wp-json\/wp\/v2\/pages"}],"about":[{"href":"https:\/\/24may.org\/en\/wp-json\/wp\/v2\/types\/page"}],"author":[{"embeddable":true,"href":"https:\/\/24may.org\/en\/wp-json\/wp\/v2\/users\/2"}],"replies":[{"embeddable":true,"href":"https:\/\/24may.org\/en\/wp-json\/wp\/v2\/comments?post=892"}],"version-history":[{"count":0,"href":"https:\/\/24may.org\/en\/wp-json\/wp\/v2\/pages\/892\/revisions"}],"wp:attachment":[{"href":"https:\/\/24may.org\/en\/wp-json\/wp\/v2\/media?parent=892"}],"curies":[{"name":"wp","href":"https:\/\/api.w.org\/{rel}","templated":true}]}}